{"id":1433,"date":"2023-02-20T14:05:42","date_gmt":"2023-02-20T13:05:42","guid":{"rendered":"https:\/\/escolacrescendo.es\/contacto\/"},"modified":"2026-02-13T12:33:51","modified_gmt":"2026-02-13T11:33:51","slug":"contacto","status":"publish","type":"page","link":"https:\/\/escolacrescendo.es\/es\/contacto\/","title":{"rendered":"Contacto"},"content":{"rendered":"<style>.elementor-1433 .elementor-element.elementor-element-6dbad8c9 > .elementor-container{max-width:1180px;}.elementor-1433 .elementor-element.elementor-element-6dbad8c9:not(.elementor-motion-effects-element-type-background), .elementor-1433 .elementor-element.elementor-element-6dbad8c9 > .elementor-motion-effects-container > .elementor-motion-effects-layer{background-image:url(\"https:\/\/escolacrescendo.es\/wp-content\/uploads\/2025\/09\/WhatsApp-Image-2025-09-12-at-13.19.38.jpeg\");background-position:0px -197px;background-repeat:no-repeat;background-size:cover;}.elementor-1433 .elementor-element.elementor-element-6dbad8c9 > .elementor-background-overlay{background-color:transparent;background-image:linear-gradient(150deg, #000000DE 5%, #FF9A442E 100%);opacity:1;transition:background 0.3s, border-radius 0.3s, opacity 0.3s;}.elementor-1433 .elementor-element.elementor-element-6dbad8c9{transition:background 0.3s, border 0.3s, border-radius 0.3s, box-shadow 0.3s;margin-top:-146px;margin-bottom:0px;padding:336px 0px 0px 0px;}.elementor-1433 .elementor-element.elementor-element-6fa0816f > .elementor-container{max-width:500px;}.elementor-1433 .elementor-element.elementor-element-6fa0816f{margin-top:0px;margin-bottom:-66px;}.elementor-1433 .elementor-element.elementor-element-229f2e6.elementor-column > .elementor-widget-wrap{justify-content:center;}.elementor-1433 .elementor-element.elementor-element-229f2e6:not(.elementor-motion-effects-element-type-background) > .elementor-widget-wrap, .elementor-1433 .elementor-element.elementor-element-229f2e6 > .elementor-widget-wrap > .elementor-motion-effects-container > .elementor-motion-effects-layer{background-color:#FFFFFF;}.elementor-1433 .elementor-element.elementor-element-229f2e6 > .elementor-element-populated, .elementor-1433 .elementor-element.elementor-element-229f2e6 > .elementor-element-populated > .elementor-background-overlay, .elementor-1433 .elementor-element.elementor-element-229f2e6 > .elementor-background-slideshow{border-radius:5px 5px 0px 0px;}.elementor-1433 .elementor-element.elementor-element-229f2e6 > .elementor-element-populated{transition:background 0.3s, border 0.3s, border-radius 0.3s, box-shadow 0.3s;margin:0px 0px 0px 0px;--e-column-margin-right:0px;--e-column-margin-left:0px;padding:40px 0px 30px 0px;}.elementor-1433 .elementor-element.elementor-element-229f2e6 > .elementor-element-populated > .elementor-background-overlay{transition:background 0.3s, border-radius 0.3s, opacity 0.3s;}.elementor-1433 .elementor-element.elementor-element-7fb85d11{text-align:center;}.elementor-1433 .elementor-element.elementor-element-7fb85d11 .elementor-heading-title{font-family:var( --e-global-typography-fa93caa-font-family ), Sans-serif;font-size:var( --e-global-typography-fa93caa-font-size );font-weight:var( --e-global-typography-fa93caa-font-weight );line-height:var( --e-global-typography-fa93caa-line-height );letter-spacing:var( --e-global-typography-fa93caa-letter-spacing );word-spacing:var( --e-global-typography-fa93caa-word-spacing );color:#000000;}.elementor-1433 .elementor-element.elementor-element-61113a18{font-family:var( --e-global-typography-text-font-family ), Sans-serif;font-size:var( --e-global-typography-text-font-size );font-weight:var( --e-global-typography-text-font-weight );color:#000000;width:auto;max-width:auto;}.elementor-1433 .elementor-element.elementor-element-61113a18 > .elementor-widget-container{margin:0px 10px 0px 0px;padding:0px 0px 0px 0px;}.elementor-1433 .elementor-element.elementor-element-7155659b{font-family:var( --e-global-typography-text-font-family ), Sans-serif;font-size:var( --e-global-typography-text-font-size );font-weight:var( --e-global-typography-text-font-weight );color:var( --e-global-color-626bc95 );width:auto;max-width:auto;}.elementor-1433 .elementor-element.elementor-element-48684fc7 > .elementor-container{max-width:636px;}.elementor-1433 .elementor-element.elementor-element-48684fc7 > .elementor-container > .elementor-column > .elementor-widget-wrap{align-content:center;align-items:center;}.elementor-1433 .elementor-element.elementor-element-48684fc7{padding:120px 0px 100px 0px;}.elementor-1433 .elementor-element.elementor-element-5d6535d0 > .elementor-element-populated{margin:0px 0px 0px 10px;--e-column-margin-right:0px;--e-column-margin-left:10px;}.elementor-1433 .elementor-element.elementor-element-90038cf{text-align:center;}.elementor-1433 .elementor-element.elementor-element-90038cf .elementor-heading-title{font-family:var( --e-global-typography-b049868-font-family ), Sans-serif;font-size:var( --e-global-typography-b049868-font-size );font-weight:var( --e-global-typography-b049868-font-weight );line-height:var( --e-global-typography-b049868-line-height );letter-spacing:var( --e-global-typography-b049868-letter-spacing );word-spacing:var( --e-global-typography-b049868-word-spacing );color:#000000;}.elementor-1433 .elementor-element.elementor-element-90038cf > .elementor-widget-container{margin:0px 0px 0px 0px;}.elementor-1433 .elementor-element.elementor-element-5e78460{text-align:center;}.elementor-1433 .elementor-element.elementor-element-5e78460 > .elementor-widget-container{padding:0px 1px 23px 1px;}.elementor-1433 .elementor-element.elementor-element-3efb0aec{text-align:center;}.elementor-1433 .elementor-element.elementor-element-3efb0aec .elementor-heading-title{font-family:var( --e-global-typography-b049868-font-family ), Sans-serif;font-size:var( --e-global-typography-b049868-font-size );font-weight:var( --e-global-typography-b049868-font-weight );line-height:var( --e-global-typography-b049868-line-height );letter-spacing:var( --e-global-typography-b049868-letter-spacing );word-spacing:var( --e-global-typography-b049868-word-spacing );color:#000000;}.elementor-1433 .elementor-element.elementor-element-3efb0aec > .elementor-widget-container{margin:0px 0px -17px 0px;}.elementor-1433 .elementor-element.elementor-element-6933174{text-align:center;font-family:var( --e-global-typography-text-font-family ), Sans-serif;font-size:var( --e-global-typography-text-font-size );font-weight:var( --e-global-typography-text-font-weight );}.elementor-1433 .elementor-element.elementor-element-4b3535f3 .elementor-field-group{padding-right:calc( 10px\/2 );padding-left:calc( 10px\/2 );margin-bottom:10px;}.elementor-1433 .elementor-element.elementor-element-4b3535f3 .elementor-form-fields-wrapper{margin-left:calc( -10px\/2 );margin-right:calc( -10px\/2 );margin-bottom:-10px;}.elementor-1433 .elementor-element.elementor-element-4b3535f3 .elementor-field-group.recaptcha_v3-bottomleft, .elementor-1433 .elementor-element.elementor-element-4b3535f3 .elementor-field-group.recaptcha_v3-bottomright{margin-bottom:0;}body.rtl .elementor-1433 .elementor-element.elementor-element-4b3535f3 .elementor-labels-inline .elementor-field-group > label{padding-left:0px;}body:not(.rtl) .elementor-1433 .elementor-element.elementor-element-4b3535f3 .elementor-labels-inline .elementor-field-group > label{padding-right:0px;}body .elementor-1433 .elementor-element.elementor-element-4b3535f3 .elementor-labels-above .elementor-field-group > label{padding-bottom:0px;}.elementor-1433 .elementor-element.elementor-element-4b3535f3 .elementor-field-group > label{font-size:14px;font-weight:400;}.elementor-1433 .elementor-element.elementor-element-4b3535f3 .elementor-field-type-html{padding-bottom:0px;font-size:1px;font-weight:900;}.elementor-1433 .elementor-element.elementor-element-4b3535f3 .elementor-field-group .elementor-field, .elementor-1433 .elementor-element.elementor-element-4b3535f3 .elementor-field-subgroup label{font-size:14px;}.elementor-1433 .elementor-element.elementor-element-4b3535f3 .elementor-field-group .elementor-field:not(.elementor-select-wrapper){background-color:#ffffff;}.elementor-1433 .elementor-element.elementor-element-4b3535f3 .elementor-field-group .elementor-select-wrapper select{background-color:#ffffff;}.elementor-1433 .elementor-element.elementor-element-4b3535f3 .e-form__buttons__wrapper__button-next{color:#ffffff;}.elementor-1433 .elementor-element.elementor-element-4b3535f3 .elementor-button[type=\"submit\"]{color:#ffffff;}.elementor-1433 .elementor-element.elementor-element-4b3535f3 .elementor-button[type=\"submit\"] svg *{fill:#ffffff;}.elementor-1433 .elementor-element.elementor-element-4b3535f3 .e-form__buttons__wrapper__button-previous{color:#ffffff;}.elementor-1433 .elementor-element.elementor-element-4b3535f3 .e-form__buttons__wrapper__button-next:hover{background-color:#FAA300BD;color:#ffffff;}.elementor-1433 .elementor-element.elementor-element-4b3535f3 .elementor-button[type=\"submit\"]:hover{background-color:#FAA300BD;color:#ffffff;}.elementor-1433 .elementor-element.elementor-element-4b3535f3 .elementor-button[type=\"submit\"]:hover svg *{fill:#ffffff;}.elementor-1433 .elementor-element.elementor-element-4b3535f3 .e-form__buttons__wrapper__button-previous:hover{color:#ffffff;}.elementor-1433 .elementor-element.elementor-element-4b3535f3{--e-form-steps-indicators-spacing:22px;--e-form-steps-indicator-padding:33px;--e-form-steps-indicator-inactive-primary-color:#D3D3D3;--e-form-steps-indicator-inactive-secondary-color:#ffffff;--e-form-steps-indicator-active-primary-color:var( --e-global-color-primary );--e-form-steps-indicator-active-secondary-color:#ffffff;--e-form-steps-indicator-completed-secondary-color:#ffffff;--e-form-steps-divider-width:1px;--e-form-steps-divider-gap:0px;}.elementor-1433 .elementor-element.elementor-element-3976ea6{font-size:12px;line-height:13px;}@media(max-width:1024px) and (min-width:768px){.elementor-1433 .elementor-element.elementor-element-5d6535d0{width:100%;}}@media(max-width:1024px){.elementor-1433 .elementor-element.elementor-element-6dbad8c9:not(.elementor-motion-effects-element-type-background), .elementor-1433 .elementor-element.elementor-element-6dbad8c9 > .elementor-motion-effects-container > .elementor-motion-effects-layer{background-position:0px 0px;}.elementor-1433 .elementor-element.elementor-element-7fb85d11 .elementor-heading-title{font-size:var( --e-global-typography-fa93caa-font-size );line-height:var( --e-global-typography-fa93caa-line-height );letter-spacing:var( --e-global-typography-fa93caa-letter-spacing );word-spacing:var( --e-global-typography-fa93caa-word-spacing );}.elementor-1433 .elementor-element.elementor-element-61113a18{font-size:var( --e-global-typography-text-font-size );}.elementor-1433 .elementor-element.elementor-element-7155659b{font-size:var( --e-global-typography-text-font-size );}.elementor-1433 .elementor-element.elementor-element-48684fc7{padding:80px 10px 80px 10px;}.elementor-1433 .elementor-element.elementor-element-5d6535d0 > .elementor-element-populated{margin:0px 0px 40px 0px;--e-column-margin-right:0px;--e-column-margin-left:0px;padding:0px 0px 0px 0px;}.elementor-1433 .elementor-element.elementor-element-90038cf .elementor-heading-title{font-size:var( --e-global-typography-b049868-font-size );line-height:var( --e-global-typography-b049868-line-height );letter-spacing:var( --e-global-typography-b049868-letter-spacing );word-spacing:var( --e-global-typography-b049868-word-spacing );}.elementor-1433 .elementor-element.elementor-element-3efb0aec .elementor-heading-title{font-size:var( --e-global-typography-b049868-font-size );line-height:var( --e-global-typography-b049868-line-height );letter-spacing:var( --e-global-typography-b049868-letter-spacing );word-spacing:var( --e-global-typography-b049868-word-spacing );}.elementor-1433 .elementor-element.elementor-element-6933174{font-size:var( --e-global-typography-text-font-size );}}@media(max-width:767px){.elementor-1433 .elementor-element.elementor-element-6dbad8c9:not(.elementor-motion-effects-element-type-background), .elementor-1433 .elementor-element.elementor-element-6dbad8c9 > .elementor-motion-effects-container > .elementor-motion-effects-layer{background-position:0px 0px;}.elementor-1433 .elementor-element.elementor-element-229f2e6 > .elementor-element-populated{margin:0px 10px 0px 10px;--e-column-margin-right:10px;--e-column-margin-left:10px;}.elementor-1433 .elementor-element.elementor-element-7fb85d11 .elementor-heading-title{font-size:var( --e-global-typography-fa93caa-font-size );line-height:var( --e-global-typography-fa93caa-line-height );letter-spacing:var( --e-global-typography-fa93caa-letter-spacing );word-spacing:var( --e-global-typography-fa93caa-word-spacing );}.elementor-1433 .elementor-element.elementor-element-61113a18{font-size:var( --e-global-typography-text-font-size );}.elementor-1433 .elementor-element.elementor-element-7155659b{font-size:var( --e-global-typography-text-font-size );}.elementor-1433 .elementor-element.elementor-element-48684fc7{padding:60px 5px 50px 5px;}.elementor-1433 .elementor-element.elementor-element-90038cf .elementor-heading-title{font-size:var( --e-global-typography-b049868-font-size );line-height:var( --e-global-typography-b049868-line-height );letter-spacing:var( --e-global-typography-b049868-letter-spacing );word-spacing:var( --e-global-typography-b049868-word-spacing );}.elementor-1433 .elementor-element.elementor-element-3efb0aec .elementor-heading-title{font-size:var( --e-global-typography-b049868-font-size );line-height:var( --e-global-typography-b049868-line-height );letter-spacing:var( --e-global-typography-b049868-letter-spacing );word-spacing:var( --e-global-typography-b049868-word-spacing );}.elementor-1433 .elementor-element.elementor-element-6933174{font-size:var( --e-global-typography-text-font-size );}}<\/style>\t\t<div data-elementor-type=\"wp-page\" data-elementor-id=\"1433\" class=\"elementor elementor-1433 elementor-108\" data-elementor-post-type=\"page\">\n\t\t\t\t\t\t<section class=\"elementor-section elementor-top-section elementor-element elementor-element-6dbad8c9 elementor-section-boxed elementor-section-height-default elementor-section-height-default\" data-id=\"6dbad8c9\" data-element_type=\"section\" data-e-type=\"section\" data-settings=\"{&quot;background_background&quot;:&quot;classic&quot;}\">\n\t\t\t\t\t\t\t<div class=\"elementor-background-overlay\"><\/div>\n\t\t\t\t\t\t\t<div class=\"elementor-container elementor-column-gap-no\">\n\t\t\t\t\t<div class=\"elementor-column elementor-col-100 elementor-top-column elementor-element elementor-element-70124db3\" data-id=\"70124db3\" data-element_type=\"column\" data-e-type=\"column\">\n\t\t\t<div class=\"elementor-widget-wrap elementor-element-populated\">\n\t\t\t\t\t\t<section class=\"elementor-section elementor-inner-section elementor-element elementor-element-6fa0816f elementor-section-boxed elementor-section-height-default elementor-section-height-default\" data-id=\"6fa0816f\" data-element_type=\"section\" data-e-type=\"section\">\n\t\t\t\t\t\t<div class=\"elementor-container elementor-column-gap-no\">\n\t\t\t\t\t<div class=\"elementor-column elementor-col-100 elementor-inner-column elementor-element elementor-element-229f2e6\" data-id=\"229f2e6\" data-element_type=\"column\" data-e-type=\"column\" data-settings=\"{&quot;background_background&quot;:&quot;classic&quot;}\">\n\t\t\t<div class=\"elementor-widget-wrap elementor-element-populated\">\n\t\t\t\t\t\t<div class=\"elementor-element elementor-element-7fb85d11 elementor-widget elementor-widget-heading\" data-id=\"7fb85d11\" data-element_type=\"widget\" data-e-type=\"widget\" data-widget_type=\"heading.default\">\n\t\t\t\t<div class=\"elementor-widget-container\">\n\t\t\t\t\t<h2 class=\"elementor-heading-title elementor-size-default\">Contacto<\/h2>\t\t\t\t<\/div>\n\t\t\t\t<\/div>\n\t\t\t\t<div class=\"elementor-element elementor-element-61113a18 elementor-widget__width-auto elementor-widget elementor-widget-text-editor\" data-id=\"61113a18\" data-element_type=\"widget\" data-e-type=\"widget\" data-widget_type=\"text-editor.default\">\n\t\t\t\t<div class=\"elementor-widget-container\">\n\t\t\t\t\t\t\t\t\tHome \/\t\t\t\t\t\t\t\t<\/div>\n\t\t\t\t<\/div>\n\t\t\t\t<div class=\"elementor-element elementor-element-7155659b elementor-widget__width-auto elementor-widget elementor-widget-text-editor\" data-id=\"7155659b\" data-element_type=\"widget\" data-e-type=\"widget\" data-widget_type=\"text-editor.default\">\n\t\t\t\t<div class=\"elementor-widget-container\">\n\t\t\t\t\t\t\t\t\tContacto\t\t\t\t\t\t\t\t<\/div>\n\t\t\t\t<\/div>\n\t\t\t\t\t<\/div>\n\t\t<\/div>\n\t\t\t\t\t<\/div>\n\t\t<\/section>\n\t\t\t\t\t<\/div>\n\t\t<\/div>\n\t\t\t\t\t<\/div>\n\t\t<\/section>\n\t\t\t\t<section class=\"elementor-section elementor-top-section elementor-element elementor-element-48684fc7 elementor-section-content-middle elementor-reverse-tablet elementor-reverse-mobile elementor-section-boxed elementor-section-height-default elementor-section-height-default\" data-id=\"48684fc7\" data-element_type=\"section\" data-e-type=\"section\">\n\t\t\t\t\t\t<div class=\"elementor-container elementor-column-gap-no\">\n\t\t\t\t\t<div class=\"elementor-column elementor-col-100 elementor-top-column elementor-element elementor-element-5d6535d0\" data-id=\"5d6535d0\" data-element_type=\"column\" data-e-type=\"column\">\n\t\t\t<div class=\"elementor-widget-wrap elementor-element-populated\">\n\t\t\t\t\t\t<div class=\"elementor-element elementor-element-90038cf elementor-widget elementor-widget-heading\" data-id=\"90038cf\" data-element_type=\"widget\" data-e-type=\"widget\" data-widget_type=\"heading.default\">\n\t\t\t\t<div class=\"elementor-widget-container\">\n\t\t\t\t\t<h4 class=\"elementor-heading-title elementor-size-default\">Coordinadores<\/h4>\t\t\t\t<\/div>\n\t\t\t\t<\/div>\n\t\t\t\t<div class=\"elementor-element elementor-element-5e78460 elementor-widget elementor-widget-text-editor\" data-id=\"5e78460\" data-element_type=\"widget\" data-e-type=\"widget\" data-widget_type=\"text-editor.default\">\n\t\t\t\t<div class=\"elementor-widget-container\">\n\t\t\t\t\t\t\t\t\t<p>&#8211; <strong>Instrumentos Moderno (Taller Ju):<\/strong> 680500823 Javi Blanquer<br>&#8211; <strong>Instrumentos Pua y Guitarra:<\/strong> 606121569 Bel\u00e9n<br>&#8211; <strong>Instrumentos Banda (Agrupaci\u00f3n Musical Serpis):<\/strong> 652438016 Debora<br>&#8211; <strong>Instrumentos Cuerda\/Orquesta:<\/strong> 651321752 Jorge Antequera<br>&#8211; <strong>Piano, Jardi (La Salle) y Danza:<\/strong> 650948088 Jorge Alborch<br>&#8211; <strong>Dulzaina, Percusi\u00f3n y Jardi (Escuela de M\u00fasica Barxell):<\/strong> 722281044 Ferran Mora<\/p>\t\t\t\t\t\t\t\t<\/div>\n\t\t\t\t<\/div>\n\t\t\t\t<div class=\"elementor-element elementor-element-3efb0aec elementor-widget elementor-widget-heading\" data-id=\"3efb0aec\" data-element_type=\"widget\" data-e-type=\"widget\" data-widget_type=\"heading.default\">\n\t\t\t\t<div class=\"elementor-widget-container\">\n\t\t\t\t\t<h4 class=\"elementor-heading-title elementor-size-default\">Formulario de contacto<\/h4>\t\t\t\t<\/div>\n\t\t\t\t<\/div>\n\t\t\t\t<div class=\"elementor-element elementor-element-6933174 elementor-widget elementor-widget-text-editor\" data-id=\"6933174\" data-element_type=\"widget\" data-e-type=\"widget\" data-widget_type=\"text-editor.default\">\n\t\t\t\t<div class=\"elementor-widget-container\">\n\t\t\t\t\t\t\t\t\tEnv\u00edenos cualquier consulta y le ayudaremos a cubrir sus necesidades\t\t\t\t\t\t\t\t<\/div>\n\t\t\t\t<\/div>\n\t\t\t\t<div class=\"elementor-element elementor-element-4b3535f3 elementor-button-align-stretch elementor-widget elementor-widget-form\" data-id=\"4b3535f3\" data-element_type=\"widget\" data-e-type=\"widget\" data-settings=\"{&quot;step_next_label&quot;:&quot;Siguiente&quot;,&quot;step_previous_label&quot;:&quot;Anterior&quot;,&quot;button_width&quot;:&quot;100&quot;,&quot;step_type&quot;:&quot;number_text&quot;,&quot;step_icon_shape&quot;:&quot;circle&quot;}\" data-widget_type=\"form.default\">\n\t\t\t\t<div class=\"elementor-widget-container\">\n\t\t\t\t\t\t\t<form class=\"elementor-form\" method=\"post\" name=\"Nuevo formulario\" aria-label=\"Nuevo formulario\">\n\t\t\t<input type=\"hidden\" name=\"post_id\" value=\"1433\"\/>\n\t\t\t<input type=\"hidden\" name=\"form_id\" value=\"4b3535f3\"\/>\n\t\t\t<input type=\"hidden\" name=\"referer_title\" value=\"Contacto - Escola Musical Crescendo en Alcoi (Alacant)\" \/>\n\n\t\t\t\t\t\t\t<input type=\"hidden\" name=\"queried_id\" value=\"1433\"\/>\n\t\t\t\n\t\t\t<div class=\"elementor-form-fields-wrapper elementor-labels-above\">\n\t\t\t\t\t\t\t\t<div class=\"elementor-field-type-text elementor-field-group elementor-column elementor-field-group-name elementor-col-50 elementor-field-required elementor-mark-required\">\n\t\t\t\t\t\t\t\t\t\t\t\t<label for=\"form-field-name\" class=\"elementor-field-label\">\n\t\t\t\t\t\t\t\tNombre\t\t\t\t\t\t\t<\/label>\n\t\t\t\t\t\t\t\t\t\t\t\t\t\t<input size=\"1\" type=\"text\" name=\"form_fields[name]\" id=\"form-field-name\" class=\"elementor-field elementor-size-sm  elementor-field-textual\" placeholder=\"Nombre\" required=\"required\">\n\t\t\t\t\t\t\t\t\t\t\t<\/div>\n\t\t\t\t\t\t\t\t<div class=\"elementor-field-type-text elementor-field-group elementor-column elementor-field-group-field_47a71e0 elementor-col-50 elementor-field-required elementor-mark-required\">\n\t\t\t\t\t\t\t\t\t\t\t\t<label for=\"form-field-field_47a71e0\" class=\"elementor-field-label\">\n\t\t\t\t\t\t\t\tPersona de contacto\t\t\t\t\t\t\t<\/label>\n\t\t\t\t\t\t\t\t\t\t\t\t\t\t<input size=\"1\" type=\"text\" name=\"form_fields[field_47a71e0]\" id=\"form-field-field_47a71e0\" class=\"elementor-field elementor-size-sm  elementor-field-textual\" placeholder=\"Persona de contacto\" required=\"required\">\n\t\t\t\t\t\t\t\t\t\t\t<\/div>\n\t\t\t\t\t\t\t\t<div class=\"elementor-field-type-email elementor-field-group elementor-column elementor-field-group-field_519947c elementor-col-50 elementor-field-required elementor-mark-required\">\n\t\t\t\t\t\t\t\t\t\t\t\t<label for=\"form-field-field_519947c\" class=\"elementor-field-label\">\n\t\t\t\t\t\t\t\tEmail\t\t\t\t\t\t\t<\/label>\n\t\t\t\t\t\t\t\t\t\t\t\t\t\t<input size=\"1\" type=\"email\" name=\"form_fields[field_519947c]\" id=\"form-field-field_519947c\" class=\"elementor-field elementor-size-sm  elementor-field-textual\" placeholder=\"Email\" required=\"required\">\n\t\t\t\t\t\t\t\t\t\t\t<\/div>\n\t\t\t\t\t\t\t\t<div class=\"elementor-field-type-text elementor-field-group elementor-column elementor-field-group-field_a1e823d elementor-col-50 elementor-field-required elementor-mark-required\">\n\t\t\t\t\t\t\t\t\t\t\t\t<label for=\"form-field-field_a1e823d\" class=\"elementor-field-label\">\n\t\t\t\t\t\t\t\tTel\u00e9fono\t\t\t\t\t\t\t<\/label>\n\t\t\t\t\t\t\t\t\t\t\t\t\t\t<input size=\"1\" type=\"text\" name=\"form_fields[field_a1e823d]\" id=\"form-field-field_a1e823d\" class=\"elementor-field elementor-size-sm  elementor-field-textual\" placeholder=\"Tel\u00e9fono\" required=\"required\">\n\t\t\t\t\t\t\t\t\t\t\t<\/div>\n\t\t\t\t\t\t\t\t<div class=\"elementor-field-type-textarea elementor-field-group elementor-column elementor-field-group-field_8ec5e2f elementor-col-100 elementor-field-required elementor-mark-required\">\n\t\t\t\t\t\t\t\t\t\t\t\t<label for=\"form-field-field_8ec5e2f\" class=\"elementor-field-label\">\n\t\t\t\t\t\t\t\tMensaje\t\t\t\t\t\t\t<\/label>\n\t\t\t\t\t\t<textarea class=\"elementor-field-textual elementor-field  elementor-size-sm\" name=\"form_fields[field_8ec5e2f]\" id=\"form-field-field_8ec5e2f\" rows=\"5\" placeholder=\"Mensaje\" required=\"required\"><\/textarea>\t\t\t\t<\/div>\n\t\t\t\t\t\t\t\t<div class=\"elementor-field-type-acceptance elementor-field-group elementor-column elementor-field-group-field_f081d17 elementor-col-100 elementor-field-required elementor-mark-required\">\n\t\t\t\t\t\t\t<div class=\"elementor-field-subgroup\">\n\t\t\t<span class=\"elementor-field-option\">\n\t\t\t\t<input type=\"checkbox\" name=\"form_fields[field_f081d17]\" id=\"form-field-field_f081d17\" class=\"elementor-field elementor-size-sm  elementor-acceptance-field\" required=\"required\">\n\t\t\t\t<label for=\"form-field-field_f081d17\">He le\u00eddo y acepto la pol\u00edtica de privacidad<\/label>\t\t\t<\/span>\n\t\t<\/div>\n\t\t\t\t\t\t<\/div>\n\t\t\t\t\t\t\t\t<div class=\"elementor-field-group elementor-column elementor-field-type-submit elementor-col-100 e-form__buttons\">\n\t\t\t\t\t<button class=\"elementor-button elementor-size-sm\" type=\"submit\">\n\t\t\t\t\t\t<span class=\"elementor-button-content-wrapper\">\n\t\t\t\t\t\t\t\t\t\t\t\t\t\t\t\t\t\t\t\t\t\t<span class=\"elementor-button-text\">Enviar<\/span>\n\t\t\t\t\t\t\t\t\t\t\t\t\t<\/span>\n\t\t\t\t\t<\/button>\n\t\t\t\t<\/div>\n\t\t\t<\/div>\n\t\t<\/form>\n\t\t\t\t\t\t<\/div>\n\t\t\t\t<\/div>\n\t\t\t\t<div class=\"elementor-element elementor-element-3976ea6 elementor-widget elementor-widget-text-editor\" data-id=\"3976ea6\" data-element_type=\"widget\" data-e-type=\"widget\" data-widget_type=\"text-editor.default\">\n\t\t\t\t<div class=\"elementor-widget-container\">\n\t\t\t\t\t\t\t\t\t<p>Los datos de car\u00e1cter personal que constan en la consulta ser\u00e1n tratados por CRESCENDO ESCUELA DE M\u00daSICA DE ALCOY e incorporados a la actividad de tratamiento CONTACTOS, cuya finalidad es atender tus solicitudes, peticiones o consultas recibidas desde la web , mediante correo electr\u00f3nico o telef\u00f3nico. Dar respuesta a tu solicitud y realizar un seguimiento posterior. La legitimaci\u00f3n del tratamiento es tu consentimiento. Tus datos no ser\u00e1n cedidos a terceros. Tienes derecho a acceder, rectificar y suprimir tus datos, as\u00ed como otros derechos como se explica en nuestra pol\u00edtica de privacidad: https:\/\/www.adelopd.com\/privacidad\/crescendo-escola-de-musica-d-alcoi<\/p>\t\t\t\t\t\t\t\t<\/div>\n\t\t\t\t<\/div>\n\t\t\t\t\t<\/div>\n\t\t<\/div>\n\t\t\t\t\t<\/div>\n\t\t<\/section>\n\t\t\t\t<\/div>\n\t\t","protected":false},"excerpt":{"rendered":"<p>Home \/ Coordinadores &#8211; Instrumentos Moderno (Taller Ju): 680500823 Javi Blanquer&#8211; Instrumentos Pua y Guitarra: 606121569 Bel\u00e9n&#8211; Instrumentos Banda (Agrupaci\u00f3n Musical Serpis): 652438016 Debora&#8211; Instrumentos Cuerda\/Orquesta: 651321752 Jorge Antequera&#8211; Piano, Jardi (La Salle) y Danza: 650948088 Jorge Alborch&#8211; Dulzaina, Percusi\u00f3n y Jardi (Escuela de M\u00fasica Barxell): 722281044 Ferran Mora Formulario de contacto Env\u00edenos cualquier consulta [&hellip;]<\/p>\n","protected":false},"author":1,"featured_media":0,"parent":0,"menu_order":0,"comment_status":"closed","ping_status":"closed","template":"elementor_header_footer","meta":{"footnotes":""},"class_list":["post-1433","page","type-page","status-publish","hentry"],"_links":{"self":[{"href":"https:\/\/escolacrescendo.es\/es\/wp-json\/wp\/v2\/pages\/1433","targetHints":{"allow":["GET"]}}],"collection":[{"href":"https:\/\/escolacrescendo.es\/es\/wp-json\/wp\/v2\/pages"}],"about":[{"href":"https:\/\/escolacrescendo.es\/es\/wp-json\/wp\/v2\/types\/page"}],"author":[{"embeddable":true,"href":"https:\/\/escolacrescendo.es\/es\/wp-json\/wp\/v2\/users\/1"}],"replies":[{"embeddable":true,"href":"https:\/\/escolacrescendo.es\/es\/wp-json\/wp\/v2\/comments?post=1433"}],"version-history":[{"count":0,"href":"https:\/\/escolacrescendo.es\/es\/wp-json\/wp\/v2\/pages\/1433\/revisions"}],"wp:attachment":[{"href":"https:\/\/escolacrescendo.es\/es\/wp-json\/wp\/v2\/media?parent=1433"}],"curies":[{"name":"wp","href":"https:\/\/api.w.org\/{rel}","templated":true}]}}