{"id":1455,"date":"2023-02-20T14:41:48","date_gmt":"2023-02-20T13:41:48","guid":{"rendered":"https:\/\/escolacrescendo.es\/politica-de-cookies\/"},"modified":"2023-11-14T15:54:59","modified_gmt":"2023-11-14T14:54:59","slug":"politica-de-cookies","status":"publish","type":"page","link":"https:\/\/escolacrescendo.es\/es\/politica-de-cookies\/","title":{"rendered":"Pol\u00edtica de Cookies"},"content":{"rendered":"<style>.elementor-1455 .elementor-element.elementor-element-4395ff18 > .elementor-container{max-width:1180px;}.elementor-1455 .elementor-element.elementor-element-4395ff18:not(.elementor-motion-effects-element-type-background), .elementor-1455 .elementor-element.elementor-element-4395ff18 > .elementor-motion-effects-container > .elementor-motion-effects-layer{background-image:url(\"https:\/\/escolacrescendo.es\/wp-content\/uploads\/2023\/02\/a-group-of-small-school-kids-and-teacher-with-guitar-sitting-on-the-floor-in-class.jpg\");background-position:center center;background-repeat:no-repeat;background-size:cover;}.elementor-1455 .elementor-element.elementor-element-4395ff18 > .elementor-background-overlay{background-color:transparent;background-image:linear-gradient(150deg, #000000DE 5%, #FF9A442E 100%);opacity:1;transition:background 0.3s, border-radius 0.3s, opacity 0.3s;}.elementor-1455 .elementor-element.elementor-element-4395ff18{transition:background 0.3s, border 0.3s, border-radius 0.3s, box-shadow 0.3s;margin-top:-71px;margin-bottom:0px;padding:240px 0px 0px 0px;}.elementor-1455 .elementor-element.elementor-element-1c5c18d7 > .elementor-container{max-width:500px;}.elementor-1455 .elementor-element.elementor-element-7cdff256.elementor-column > .elementor-widget-wrap{justify-content:center;}.elementor-1455 .elementor-element.elementor-element-7cdff256:not(.elementor-motion-effects-element-type-background) > .elementor-widget-wrap, .elementor-1455 .elementor-element.elementor-element-7cdff256 > .elementor-widget-wrap > .elementor-motion-effects-container > .elementor-motion-effects-layer{background-color:#FFFFFF;}.elementor-1455 .elementor-element.elementor-element-7cdff256 > .elementor-element-populated, .elementor-1455 .elementor-element.elementor-element-7cdff256 > .elementor-element-populated > .elementor-background-overlay, .elementor-1455 .elementor-element.elementor-element-7cdff256 > .elementor-background-slideshow{border-radius:5px 5px 0px 0px;}.elementor-1455 .elementor-element.elementor-element-7cdff256 > .elementor-element-populated{transition:background 0.3s, border 0.3s, border-radius 0.3s, box-shadow 0.3s;margin:0px 0px 0px 0px;--e-column-margin-right:0px;--e-column-margin-left:0px;padding:40px 0px 30px 0px;}.elementor-1455 .elementor-element.elementor-element-7cdff256 > .elementor-element-populated > .elementor-background-overlay{transition:background 0.3s, border-radius 0.3s, opacity 0.3s;}.elementor-1455 .elementor-element.elementor-element-152a2884{text-align:center;}.elementor-1455 .elementor-element.elementor-element-152a2884 .elementor-heading-title{font-family:var( --e-global-typography-fa93caa-font-family ), Sans-serif;font-size:var( --e-global-typography-fa93caa-font-size );font-weight:var( --e-global-typography-fa93caa-font-weight );line-height:var( --e-global-typography-fa93caa-line-height );letter-spacing:var( --e-global-typography-fa93caa-letter-spacing );word-spacing:var( --e-global-typography-fa93caa-word-spacing );color:#000000;}.elementor-1455 .elementor-element.elementor-element-3d469fef{font-family:var( --e-global-typography-text-font-family ), Sans-serif;font-size:var( --e-global-typography-text-font-size );font-weight:var( --e-global-typography-text-font-weight );color:#000000;width:auto;max-width:auto;}.elementor-1455 .elementor-element.elementor-element-3d469fef > .elementor-widget-container{margin:0px 10px 0px 0px;padding:0px 0px 0px 0px;}.elementor-1455 .elementor-element.elementor-element-6b4e2ea3{font-family:var( --e-global-typography-text-font-family ), Sans-serif;font-size:var( --e-global-typography-text-font-size );font-weight:var( --e-global-typography-text-font-weight );color:var( --e-global-color-626bc95 );width:auto;max-width:auto;}.elementor-1455 .elementor-element.elementor-element-102ad68f > .elementor-container{max-width:900px;}.elementor-1455 .elementor-element.elementor-element-102ad68f{padding:50px 0px 80px 0px;}:root{--page-title-display:none;}@media(max-width:1024px){.elementor-1455 .elementor-element.elementor-element-152a2884 .elementor-heading-title{font-size:var( --e-global-typography-fa93caa-font-size );line-height:var( --e-global-typography-fa93caa-line-height );letter-spacing:var( --e-global-typography-fa93caa-letter-spacing );word-spacing:var( --e-global-typography-fa93caa-word-spacing );}.elementor-1455 .elementor-element.elementor-element-3d469fef{font-size:var( --e-global-typography-text-font-size );}.elementor-1455 .elementor-element.elementor-element-6b4e2ea3{font-size:var( --e-global-typography-text-font-size );}}@media(max-width:767px){.elementor-1455 .elementor-element.elementor-element-7cdff256 > .elementor-element-populated{margin:0px 10px 0px 10px;--e-column-margin-right:10px;--e-column-margin-left:10px;}.elementor-1455 .elementor-element.elementor-element-152a2884 .elementor-heading-title{font-size:var( --e-global-typography-fa93caa-font-size );line-height:var( --e-global-typography-fa93caa-line-height );letter-spacing:var( --e-global-typography-fa93caa-letter-spacing );word-spacing:var( --e-global-typography-fa93caa-word-spacing );}.elementor-1455 .elementor-element.elementor-element-3d469fef{font-size:var( --e-global-typography-text-font-size );}.elementor-1455 .elementor-element.elementor-element-6b4e2ea3{font-size:var( --e-global-typography-text-font-size );}}<\/style>\t\t<div data-elementor-type=\"wp-page\" data-elementor-id=\"1455\" class=\"elementor elementor-1455 elementor-135\" data-elementor-post-type=\"page\">\n\t\t\t\t\t\t<section class=\"elementor-section elementor-top-section elementor-element elementor-element-4395ff18 elementor-section-boxed elementor-section-height-default elementor-section-height-default\" data-id=\"4395ff18\" data-element_type=\"section\" data-e-type=\"section\" data-settings=\"{&quot;background_background&quot;:&quot;classic&quot;}\">\n\t\t\t\t\t\t\t<div class=\"elementor-background-overlay\"><\/div>\n\t\t\t\t\t\t\t<div class=\"elementor-container elementor-column-gap-no\">\n\t\t\t\t\t<div class=\"elementor-column elementor-col-100 elementor-top-column elementor-element elementor-element-7fd6fb40\" data-id=\"7fd6fb40\" data-element_type=\"column\" data-e-type=\"column\">\n\t\t\t<div class=\"elementor-widget-wrap elementor-element-populated\">\n\t\t\t\t\t\t<section class=\"elementor-section elementor-inner-section elementor-element elementor-element-1c5c18d7 elementor-section-boxed elementor-section-height-default elementor-section-height-default\" data-id=\"1c5c18d7\" data-element_type=\"section\" data-e-type=\"section\">\n\t\t\t\t\t\t<div class=\"elementor-container elementor-column-gap-no\">\n\t\t\t\t\t<div class=\"elementor-column elementor-col-100 elementor-inner-column elementor-element elementor-element-7cdff256\" data-id=\"7cdff256\" data-element_type=\"column\" data-e-type=\"column\" data-settings=\"{&quot;background_background&quot;:&quot;classic&quot;}\">\n\t\t\t<div class=\"elementor-widget-wrap elementor-element-populated\">\n\t\t\t\t\t\t<div class=\"elementor-element elementor-element-152a2884 elementor-widget elementor-widget-heading\" data-id=\"152a2884\" data-element_type=\"widget\" data-e-type=\"widget\" data-widget_type=\"heading.default\">\n\t\t\t\t<div class=\"elementor-widget-container\">\n\t\t\t\t\t<h1 class=\"elementor-heading-title elementor-size-default\">Pol\u00edtica de Cookies<\/h1>\t\t\t\t<\/div>\n\t\t\t\t<\/div>\n\t\t\t\t<div class=\"elementor-element elementor-element-3d469fef elementor-widget__width-auto elementor-widget elementor-widget-text-editor\" data-id=\"3d469fef\" data-element_type=\"widget\" data-e-type=\"widget\" data-widget_type=\"text-editor.default\">\n\t\t\t\t<div class=\"elementor-widget-container\">\n\t\t\t\t\t\t\t\t\t<p>Home \/<\/p>\n\t\t\t\t\t\t\t\t<\/div>\n\t\t\t\t<\/div>\n\t\t\t\t<div class=\"elementor-element elementor-element-6b4e2ea3 elementor-widget__width-auto elementor-widget elementor-widget-text-editor\" data-id=\"6b4e2ea3\" data-element_type=\"widget\" data-e-type=\"widget\" data-widget_type=\"text-editor.default\">\n\t\t\t\t<div class=\"elementor-widget-container\">\n\t\t\t\t\t\t\t\t\tPol\u00edtica de Cookies\t\t\t\t\t\t\t\t<\/div>\n\t\t\t\t<\/div>\n\t\t\t\t\t<\/div>\n\t\t<\/div>\n\t\t\t\t\t<\/div>\n\t\t<\/section>\n\t\t\t\t\t<\/div>\n\t\t<\/div>\n\t\t\t\t\t<\/div>\n\t\t<\/section>\n\t\t\t\t<section class=\"elementor-section elementor-top-section elementor-element elementor-element-102ad68f elementor-section-boxed elementor-section-height-default elementor-section-height-default\" data-id=\"102ad68f\" data-element_type=\"section\" data-e-type=\"section\">\n\t\t\t\t\t\t<div class=\"elementor-container elementor-column-gap-default\">\n\t\t\t\t\t<div class=\"elementor-column elementor-col-100 elementor-top-column elementor-element elementor-element-76fa2217\" data-id=\"76fa2217\" data-element_type=\"column\" data-e-type=\"column\">\n\t\t\t<div class=\"elementor-widget-wrap elementor-element-populated\">\n\t\t\t\t\t\t<div class=\"elementor-element elementor-element-595aa124 elementor-widget elementor-widget-text-editor\" data-id=\"595aa124\" data-element_type=\"widget\" data-e-type=\"widget\" data-widget_type=\"text-editor.default\">\n\t\t\t\t<div class=\"elementor-widget-container\">\n\t\t\t\t\t\t\t\t\t<h3>1. \u00bfQU\u00c9 ES UNA COOKIE?<\/h3>\nLas Cookies son peque\u00f1os archivos de texto que el sitio web almacena en el navegador del usuario para facilitar la navegaci\u00f3n por la p\u00e1gina, por lo que son esenciales para el funcionamiento de internet.\n\nLas cookies se utilizan, por ejemplo, para validar los registros en la web (recordar usuario y contrase\u00f1a), o las opciones como tama\u00f1o, idioma, navegador utilizado; analizar los h\u00e1bitos y comportamientos del usuario para mejorar los servicios ofrecidos; o para adecuar los contenidos de una p\u00e1gina web a las preferencias del visitante. Las cookies pueden ser de sesi\u00f3n o persistentes. Las primeras se borrar\u00e1n cuando el usuario abandone la p\u00e1gina web que las gener\u00f3, mientras que las segundas permanecen en su ordenador hasta una fecha determinada.\n\nAsimismo, las Cookies pueden ser:\n\na. Propias: gestionadas por el dominio al que el usuario accede y del que solicita un determinado servicio (en este caso los, dominios titularidad de Crescendo *Escuela de M\u00fasica de Alcoy como propietario del dominio www.escolacrescendo.es)\nb. De terceros: enviadas al equipo de usuario desde un dominio distinto al que se accede.\n<h3>Informaci\u00f3n que se recoge<\/h3>\nNuestro sitio web podr\u00e1 recabar informaci\u00f3n personal por ejemplo: Nombre, informaci\u00f3n de contacto como su direcci\u00f3n de correo electr\u00f3nico e informaci\u00f3n demogr\u00e1fica. Asimismo cuando sea necesario podr\u00e1 ser requerida informaci\u00f3n espec\u00edfica para procesar alg\u00fan pedido o realizar una entrega o facturaci\u00f3n.\n<h3>2. TIPO DE COOKIES UTILIZADAS EN www.escolacrescendo.es<\/h3>\nNuestra web puede utilizar en funci\u00f3n de las actualizaciones practicadas hasta cuatro tipos de cookies:\n\na. Cookies propias: son cookies estrictamente necesarias y que permiten que el usuario interact\u00fae por el sitio web utilizando todas sus funciones.\nb. Cookies Anal\u00edticas: son cookies utilizadas con fines de an\u00e1lisis, investigaci\u00f3n o estad\u00edsticos, de modo que permiten conocer las secciones m\u00e1s visitadas, puntos de conexi\u00f3n, etc. y, con esto, mejorar el portal web.\nc. Cookies de complementos: son cookies utilizadas por complementos externos instalados en la web para su buen funcionamiento, como por ejemplo reproducir los v\u00eddeos explicativos.\nd. Cookies de redes sociales: son cookies utilizadas para identificarte como usuario en la red social y poder interactuar a trav\u00e9s de tu perfil.\n\nEs importante destacar que estas tecnolog\u00edas no son intrusivas, puesto que la informaci\u00f3n obtenida a trav\u00e9s de las cookies es totalmente an\u00f3nima y en ning\u00fan caso puede ser asociada a un usuario concreto e identificado.\n\nEsta informaci\u00f3n permite a www.escolacrescendo.es mejorar sus servicios y adaptarlos a los intereses de los usuarios. Esto, sin embargo, el usuario tiene la opci\u00f3n de impedir la generaci\u00f3n de cookies mediante la selecci\u00f3n de la correspondiente opci\u00f3n en su programa navegador. Ahora bien, el usuario debe saber que en caso de que deshabilite el uso de cookies, la navegaci\u00f3n puede ser m\u00e1s lenta de lo habitual.\n\nEn cuanto a esta desactivaci\u00f3n de la configuraci\u00f3n de las cookies, destacar que todos los navegadores permiten realizar estos cambios en el apartado de \u201copciones\u201d o \u201cpreferencias\u201d del men\u00fa.\n\nA continuaci\u00f3n, le mostramos mediante enlaces la forma de deshabilitar las cookies siguiendo las instrucciones de los navegadores m\u00e1s utilizados:\n\nFirefox:\nhttp:\/\/support.mozilla.org\/es\/kb\/habilitar-y-deshabilitar-cookies-que-los-sitios-we\n\nChrome:\nhttp:\/\/support.google.com\/chrome\/bin\/answer.py?hl=es&answer=95647\n\nExplorer:\nhttp:\/\/windows.microsoft.com\/es-es\/windows7\/how-to-manage-cookies-in-internet-explorer-9\n\n\u00bfPUEDO RECHAZAR O EXCLUIR LA RECEPCI\u00d3N DE COOKIES?\n\nSi desea rechazar o excluir la recepci\u00f3n de cookies, puede hacer lo siguiente:\n\nBorre las cookies de su navegador. La mayor\u00eda de los navegadores permiten impedir el almacenamiento, en lo sucesivo, de todas o parte de las cookies. Para m\u00e1s informaci\u00f3n sobre c\u00f3mo borrar o deshabilitar las cookies desde su navegador, utilice el men\u00fa de ayuda del navegador.\n\nSi s\u00f3lo desea rechazar cookies de terceros, deber\u00e1 visitar directamente la web del tercero pertinente para gestionar las cookies que \u00e9ste almacena en su equipo. Consulte nuestra secci\u00f3n \u201cCookies de terceros\u201d. Tenga en cuenta que el hecho de deshabilitar las cookies puede afectar a las prestaciones de esta web.\n<h3>3. DESCRIPCI\u00d3N T\u00c9CNICA DE LAS COOKIES UTILIZADAS<\/h3>\nA continuaci\u00f3n, se detallan las cookies utilizadas por este sitio web junto con la finalidad y duraci\u00f3n de cada una de ellas:\n<table class=\"table txt-cookies\">\n<thead>\n<tr class=\"bg-secondary text-dark\">\n<th scope=\"col\">Cookie<\/th>\n<th scope=\"col\">Prop\u00f3sito<\/th>\n<th scope=\"col\">Caducidad<\/th>\n<th scope=\"col\">Tipo<\/th>\n<\/tr>\n<\/thead>\n<tbody>\n<tr class=\"bg-dark text-white\">\n<td colspan=\"4\">COOKIES NECESARIAS<\/td>\n<\/tr>\n<tr class=\"table-active\">\n<td colspan=\"4\">Aplicaci\u00f3n: Propia de escolacrescendo.es.<a class=\"float-right btn btn-sm btn-secondary\" href=\"https:\/\/escolacrescendo.es\/?s=cookies_info.php\" target=\"_blank\" rel=\"noopener\"><small>Pol\u00edtica de cookies de escolacrescendo.es<\/small><\/a><\/td>\n<\/tr>\n<tr>\n<td>PHPSESSID<\/td>\n<td>Esta cookie es nativa de PHP y permite a la web guardar datos serializados de estado. En esta web se utiliza para establecer sesiones de usuario pasando datos de estado a trav\u00e9s de una cookie temporal tambi\u00e9n conocida como Cookie de sesi\u00f3n. La cookie PHPSESSID no tiene caducidad establecida ya que desaparece al cerrar la web.<\/td>\n<td>Sesi\u00f3n<\/td>\n<td>HTML<\/td>\n<\/tr>\n<tr class=\"table-active\">\n<td colspan=\"4\">Aplicaci\u00f3n: Propia de escolacrescendo.es.<a class=\"float-right btn btn-sm btn-secondary\" href=\"https:\/\/escolacrescendo.es\/?s=cookies_info.php\" target=\"_blank\" rel=\"noopener\"><small>Pol\u00edtica de cookies de escolacrescendo.es<\/small><\/a><\/td>\n<\/tr>\n<tr>\n<td>acookie<\/td>\n<td>Esta cookie almacena la configuraci\u00f3n de cookies seleccionada por el usuario para su uso en la web (activando\/desactivando los distintos tipos de cookies)<\/td>\n<td>30 d\u00edas<\/td>\n<td>HTML<\/td>\n<\/tr>\n<tr>\n<td>ac_a<\/td>\n<td>Esta cookie almacena la configuraci\u00f3n (activaci\u00f3n\/desactivaci\u00f3n) de cookies seleccionada por el usuario para las aplicaciones anal\u00edticas existentes en la web.<\/td>\n<td>30 d\u00edas<\/td>\n<td>HTML<\/td>\n<\/tr>\n<tr>\n<td>ac_t<\/td>\n<td>Esta cookie almacena la configuraci\u00f3n (activaci\u00f3n\/desactivaci\u00f3n) de cookies seleccionada por el usuario para las aplicaciones de terceros existentes en la web.<\/td>\n<td>30 d\u00edas<\/td>\n<td>HTML<\/td>\n<\/tr>\n<tr class=\"bg-dark text-white\">\n<td colspan=\"4\">COOKIES DE TERCEROS<\/td>\n<\/tr>\n<tr class=\"table-active\">\n<td colspan=\"4\">Aplicaci\u00f3n: Twitter, compartir p\u00e1ginas de esta web en la red social.<a class=\"float-right btn btn-sm btn-secondary\" href=\"https:\/\/help.twitter.com\/es\/rules-and-policies\/twitter-cookies\" target=\"_blank\" rel=\"noopener nofollow\"><small>Pol\u00edtica de cookies de Twitter<\/small><\/a><\/td>\n<\/tr>\n<tr>\n<td>_ga<\/td>\n<td>Se establece cuando se utiliza el bot\u00f3n Tuit en nuestras p\u00e1ginas. Permitir a los usuarios compartir contenido de nuestro sitio web.<\/td>\n<td>Sesi\u00f3n<\/td>\n<td>HTML<\/td>\n<\/tr>\n<tr>\n<td>_twitter_sess<\/td>\n<td>Se establece cuando se utiliza el bot\u00f3n Tuit en nuestras p\u00e1ginas. Inicio de sesi\u00f3n en twitter.<\/td>\n<td>Sesi\u00f3n<\/td>\n<td>HTML<\/td>\n<\/tr>\n<tr>\n<td>external_referer<\/td>\n<td>Se establece cuando se utiliza el bot\u00f3n Tuit en nuestras p\u00e1ginas. Twitter utiliza estas cookies de agregar el uso de botones.<\/td>\n<td>7 d\u00edas<\/td>\n<td>HTML<\/td>\n<\/tr>\n<tr>\n<td>gt<\/td>\n<td>Se establece cuando se utiliza el bot\u00f3n Tuit en nuestras p\u00e1ginas. Cookie instalado por Twitter.<\/td>\n<td>1 hora<\/td>\n<td>HTML<\/td>\n<\/tr>\n<tr>\n<td>ct0<\/td>\n<td>Se establece cuando se utiliza el bot\u00f3n Tuit en nuestras p\u00e1ginas. Permite ubicar en la p\u00e1gina funcionalidades de Twitter, y compartir la informaci\u00f3n del sitio web en la red social Twitter<\/td>\n<td>5 horas<\/td>\n<td>HTML<\/td>\n<\/tr>\n<tr>\n<td>_gid<\/td>\n<td>Se establece cuando se utiliza el bot\u00f3n Tuit en nuestras p\u00e1ginas. Se utiliza para distinguir a los usuarios.<\/td>\n<td>24 horas<\/td>\n<td>HTML<\/td>\n<\/tr>\n<tr>\n<td>guest_id<\/td>\n<td>Cookie de Twitter que usa cuando ponemos el bot\u00f3n Tuit para compartir contenidos en la web. Sirve para reconocer si el usuario es usuario de esa red social. sirve para reconocer si el usuario es usuario de esa red social.<\/td>\n<td>2 a\u00f1os<\/td>\n<td>HTML<\/td>\n<\/tr>\n<tr>\n<td>personalization_id<\/td>\n<td>Se establece cuando se utiliza el bot\u00f3n Tuit en nuestras p\u00e1ginas. Cookie continua instalado por Twitter.<\/td>\n<td>2 a\u00f1os<\/td>\n<td>HTML<\/td>\n<\/tr>\n<\/tbody>\n<\/table>\n&nbsp;\n<h3>4. M\u00c1S INFORMACI\u00d3N<\/h3>\nCualquier usuario que tenga cualquier duda sobre estas tecnolog\u00edas puede remitirnos su consulta a trav\u00e9s de nuestro email: info@escolacrescendo.es.\n<h3>1. Informaci\u00f3n<\/h3>\nUso de cookies en el sitio web http:\/\/www.escolacrescendo.es En cumplimiento de la Ley 34\/2002, de 11 de julio, de servicios de la sociedad de la informaci\u00f3n y de comercio electr\u00f3nico (LSSI), modificada en el su art. 22 por el art. 4.3 perteneciente al T\u00edtulo II, Modificaciones relativas a la transposici\u00f3n de Directivas en materia de Telecomunicaciones y Sociedad de la Informaci\u00f3n, del Real decreto ley 13\/2012, de 30 de marzo por el que se transponen directivas en materia comunicaciones electr\u00f3nicas, le informamos de la utilizaci\u00f3n de cookies en el sitio web corporativo de COPEN FABRICS, SL con el fin de facilitar y mejorar la navegaci\u00f3n.\n<h4>\u00bfQU\u00c9 SON LAS COOKIES?<\/h4>\nUna cookie es un archivo que se descarga en el disco duro de su ordenador al acceder a determinadas p\u00e1ginas web o aplicaciones. Las cookies permiten, entre otras cosas, recopilar informaci\u00f3n estad\u00edstica, facilitar ciertas funcionalidades t\u00e9cnicas, almacenar y recuperar informaci\u00f3n sobre los h\u00e1bitos de navegaci\u00f3n o preferencias de un usuario o de su equipo y, dependiendo de la informaci\u00f3n que contengan y de la forma en que utilice su equipo, pueden utilizarse para reconocer al usuario. Tenga en cuenta que las cookies no pueden da\u00f1ar a su equipo y que, a cambio, lo que est\u00e9n activadas nos ayudan a identificar y resolver los posibles errores.\nLas cookies utilizadas en http:\/\/www.escolacrescendo.es\n\u2022 Cookies estrictamente necesarias como por ejemplo aquellas que sirven para una correcta navegaci\u00f3n y aseguran que el contenido de la p\u00e1gina web se carga eficazmente.\n\u2022 Cookies anal\u00edticas, son cookies utilizadas para el an\u00e1lisis, investigaci\u00f3n o estad\u00edsticas con el fin de mejorar la experiencia del sitio web. Mediante el uso de estas cookies, se puede mostrar informaci\u00f3n m\u00e1s relevante a los visitantes.\n\u2022 Cookies de terceros como por ejemplo, las utilizadas por las redes sociales, o por complementos externos de contenido como google maps.\n<h3>2. Consentimiento<\/h3>\nEl usuario por la mera continuaci\u00f3n en la navegaci\u00f3n por el presente sitio web acepta la presente pol\u00edtica de cookies y consiente el uso de \u00e9stas. El almacenamiento y tratamiento de la informaci\u00f3n as\u00ed obtenida obedece a una finalidad t\u00e9cnica, al objeto de efectuar la transmisi\u00f3n de una comunicaci\u00f3n por una red de comunicaciones electr\u00f3nicas, as\u00ed como poder llevar a cabo la prestaci\u00f3n de un servicio de la sociedad de la informaci\u00f3n expresamente solicitada por el usuario registrado.\nEn cualquier caso, el usuario puede acceder al men\u00fa de preferencias de su navegador y configurarlo para que no se instalen cookies, borrar las ya existentes y\/o eliminarlas antes de iniciar la navegaci\u00f3n por otras p\u00e1ginas del Sitio web. Asimismo, puede utilizar herramientas de bloqueo de cookies.\n<h4>DESABILITACI\u00d3N DE COOKIES<\/h4>\nPara conocer la forma en la que deshabilitar las cookies de su navegador, le indicamos los pasos a seguir en los principales navegadores:\n\nInternet Explorer: Herramientas \u2192 Opciones de Internet \u2192 Privacidad \u2192 Configuraci\u00f3n.\nPara m\u00e1s informaci\u00f3n, puede consultar el soporte de Microsoft o la Ayuda del navegador.\n\nFirefox: Herramientas \u2192 Opciones \u2192 Privacidad \u2192 Historial \u2192 Configuraci\u00f3n Personalizada.\nPara m\u00e1s informaci\u00f3n, puede consultar el soporte de Mozilla o la Ayuda del navegador.\n\nChrome: Configuraci\u00f3n \u2192 Mostrar opciones avanzadas \u2192 Privacidad \u2192 Configuraci\u00f3n de contenido.\nPara m\u00e1s informaci\u00f3n, puede consultar el soporte de Google o la Ayuda del navegador.\n\nSafari: Preferencias \u2192 Seguridad.\nPara m\u00e1s informaci\u00f3n, puede consultar el soporte de Apple o la Ayuda del navegador.\t\t\t\t\t\t\t\t<\/div>\n\t\t\t\t<\/div>\n\t\t\t\t\t<\/div>\n\t\t<\/div>\n\t\t\t\t\t<\/div>\n\t\t<\/section>\n\t\t\t\t<\/div>\n\t\t","protected":false},"excerpt":{"rendered":"<p>Home \/ 1. \u00bfQU\u00c9 ES UNA COOKIE? Las Cookies son peque\u00f1os archivos de texto que el sitio web almacena en el navegador del usuario para facilitar la navegaci\u00f3n por la p\u00e1gina, por lo que son esenciales para el funcionamiento de internet. Las cookies se utilizan, por ejemplo, para validar los registros en la web (recordar [&hellip;]<\/p>\n","protected":false},"author":1,"featured_media":0,"parent":0,"menu_order":0,"comment_status":"closed","ping_status":"closed","template":"","meta":{"footnotes":""},"class_list":["post-1455","page","type-page","status-publish","hentry"],"_links":{"self":[{"href":"https:\/\/escolacrescendo.es\/es\/wp-json\/wp\/v2\/pages\/1455","targetHints":{"allow":["GET"]}}],"collection":[{"href":"https:\/\/escolacrescendo.es\/es\/wp-json\/wp\/v2\/pages"}],"about":[{"href":"https:\/\/escolacrescendo.es\/es\/wp-json\/wp\/v2\/types\/page"}],"author":[{"embeddable":true,"href":"https:\/\/escolacrescendo.es\/es\/wp-json\/wp\/v2\/users\/1"}],"replies":[{"embeddable":true,"href":"https:\/\/escolacrescendo.es\/es\/wp-json\/wp\/v2\/comments?post=1455"}],"version-history":[{"count":0,"href":"https:\/\/escolacrescendo.es\/es\/wp-json\/wp\/v2\/pages\/1455\/revisions"}],"wp:attachment":[{"href":"https:\/\/escolacrescendo.es\/es\/wp-json\/wp\/v2\/media?parent=1455"}],"curies":[{"name":"wp","href":"https:\/\/api.w.org\/{rel}","templated":true}]}}